{"id":923,"date":"2023-07-17T08:07:34","date_gmt":"2023-07-17T08:07:34","guid":{"rendered":"https:\/\/serigrafiaybordados.es\/tematicas\/?page_id=923"},"modified":"2025-07-24T08:29:52","modified_gmt":"2025-07-24T08:29:52","slug":"panuelos-fiestas-personalizadas","status":"publish","type":"page","link":"https:\/\/serigrafiaybordados.es\/tematicas\/panuelos-fiestas-personalizadas\/","title":{"rendered":"Pa\u00f1uelos pa\u00f1oletas personalizadas de fiestas"},"content":{"rendered":"<p>Descubre la elegancia de los pa\u00f1uelos personalizados en nuestra secci\u00f3n de venta online. Con nuestros servicios de impresi\u00f3n de pa\u00f1uelos y pa\u00f1oletas personalizadas que ponemos a tu disposici\u00f3n, te ofrecemos una amplia selecci\u00f3n de este tipo de producto dise\u00f1ado especialmente para ti, llenando tus fiestas y eventos de color y diversi\u00f3n.<\/p>\n<p>En nuestra tienda, encontrar\u00e1s una variedad de opciones para poder personalizar tus pa\u00f1uelos. Puedes elegir entre diferentes tejidos de alta calidad, como seda, algod\u00f3n y lino, que ofrecen una sensaci\u00f3n suave al tacto.<\/p>\n<p>En esta categor\u00eda te decimos las variedades de pa\u00f1uelos y pa\u00f1oletas que hay, y como hacer los tuyos propios de manera online en nuestra p\u00e1gina web.<\/p>\n<h2>Tipos de pa\u00f1uelos personalizados<\/h2>\n<p>En nuestra web, disponemos de varios tipos de pa\u00f1uelos que podr\u00e1s personalizar a tu gusto con nosotros, desde el tradicional pa\u00f1uelo triangular, dise\u00f1ado para pon\u00e9rtelo en el cuello o la cabeza, y es ideal para fiestas y eventos de diferentes tem\u00e1ticas, hasta los fajines que se llevan en verbenas y ciertas festividades se\u00f1aladas.<\/p>\n<p>Todos ellos los tienes disponibles en esta secci\u00f3n con diferentes tama\u00f1os y colores. Tambi\u00e9n podr\u00e1s hacer tu pedido con el n\u00famero de unidades en funci\u00f3n a la cantidad espec\u00edfica que necesites.<\/p>\n<p>Muchos a\u00f1os de experiencia nos ha convertido en expertos en la fabricaci\u00f3n y personalizaci\u00f3n de esta categor\u00eda de producto, por lo que podr\u00e1s tener la total seguridad y confianza en nosotros de que realizaremos el trabajo con la mayor calidad y profesionalidad del mercado.<\/p>\n<h2>Ventajas de personalizar tus pa\u00f1uelos<\/h2>\n<p>Los pa\u00f1uelos personalizados podr\u00e1n llevar la imagen y nombre que t\u00fa quieras, lo que te har\u00e1 marcar la diferencia. Al crear tu propio dise\u00f1o, estar\u00e1s llevando un accesorio \u00fanico que no se puede encontrar en ninguna otra parte. Este nivel de exclusividad te permite expresar tu individualidad y asegurarte de que tu estilo sea verdaderamente original.<\/p>\n<p>Unas de las grandes ventajas de los pa\u00f1uelos personalizados es su versatilidad, pues podr\u00e1s usarlo de m\u00faltiples formas, como en el cuello, como turbante, en la mu\u00f1eca, en el bolso o incluso como cintur\u00f3n. Esto te permite adaptar tu pa\u00f1uelo a diferentes outfits y ocasiones, a\u00f1adiendo un estilo especial y personalizado.<\/p>\n<p>Personalizar tu pa\u00f1uelo te permitir\u00e1 hacer el regalo perfecto, verdaderamente especial y significativo. Con nuestro servicio podr\u00e1s crear un dise\u00f1o \u00fanico que refleje los gustos y la personalidad de la persona a la que se lo est\u00e9s regalando. Ya sea para un cumplea\u00f1os, aniversario, graduaci\u00f3n o cualquier otra ocasi\u00f3n especial, regalar un pa\u00f1uelo personalizado demuestra tu atenci\u00f3n y cuidado a esa persona especial.<\/p>\n<h2>C\u00f3mo personalizar tu pa\u00f1uelo<\/h2>\n<p>Nuestro proceso de personalizaci\u00f3n es sencillo y divertido. Simplemente, tendr\u00e1s que seleccionar el tipo de pa\u00f1uelo que quieres, con su respectivo color y tama\u00f1o, y a\u00f1adirlo a tu cesta de la compra.<\/p>\n<p>Luego, contin\u00faa con tu proceso de compra, siendo el siguiente paso la parte de personalizaci\u00f3n, donde podr\u00e1s cargar tus propios dise\u00f1os, im\u00e1genes o logotipos para imprimir en el pa\u00f1uelo. Tambi\u00e9n podr\u00e1s a\u00f1adir texto, como iniciales, nombres o frases especiales, para hacer de tu pa\u00f1uelo una pieza verdaderamente \u00fanica.<\/p>\n<h2>Pa\u00f1oletas personalizas para cualquier evento<\/h2>\n<h3>Pa\u00f1uelos para fiestas<\/h3>\n<p>En fiestas patronales y populares es com\u00fan que ir a este evento con pe\u00f1as, amigos o asociaciones. Para ello, ponemos a tu disposici\u00f3n pa\u00f1uelos que podr\u00e1s personalizar con el nombre o logotipo de las mismas. Otro ejemplo claro, son los pa\u00f1uelos rojos de San Ferm\u00edn que podr\u00e1s personalizar en nuestra p\u00e1gina web.<\/p>\n<p>Pa\u00f1oletas para eventos multitudinarios personalizadas<\/p>\n<p>Serigrafiar el logo de un artista o acudir a cualquier manifestaci\u00f3n con el logotipo de una empresa o sindicato puede ocasionar mucha visibilidad a nivel organizaci\u00f3n. Adem\u00e1s es una alternativa muy econ\u00f3mica y con la que podr\u00e1s obtener notoriedad como organizaci\u00f3n.<\/p>\n","protected":false},"excerpt":{"rendered":"<p>Descubre la elegancia de los pa\u00f1uelos personalizados en nuestra secci\u00f3n de venta online. Con nuestros servicios de impresi\u00f3n de pa\u00f1uelos y pa\u00f1oletas personalizadas que ponemos a tu disposici\u00f3n, te ofrecemos una amplia selecci\u00f3n de este tipo de producto dise\u00f1ado especialmente para ti, llenando tus fiestas y eventos de color y diversi\u00f3n. En nuestra tienda, encontrar\u00e1s [&hellip;]<\/p>\n","protected":false},"author":1,"featured_media":0,"parent":0,"menu_order":0,"comment_status":"closed","ping_status":"closed","template":"","meta":{"_et_pb_use_builder":"off","_et_pb_old_content":"","_et_gb_content_width":"","footnotes":""},"class_list":["post-923","page","type-page","status-publish","hentry"],"_links":{"self":[{"href":"https:\/\/serigrafiaybordados.es\/tematicas\/wp-json\/wp\/v2\/pages\/923","targetHints":{"allow":["GET"]}}],"collection":[{"href":"https:\/\/serigrafiaybordados.es\/tematicas\/wp-json\/wp\/v2\/pages"}],"about":[{"href":"https:\/\/serigrafiaybordados.es\/tematicas\/wp-json\/wp\/v2\/types\/page"}],"author":[{"embeddable":true,"href":"https:\/\/serigrafiaybordados.es\/tematicas\/wp-json\/wp\/v2\/users\/1"}],"replies":[{"embeddable":true,"href":"https:\/\/serigrafiaybordados.es\/tematicas\/wp-json\/wp\/v2\/comments?post=923"}],"version-history":[{"count":4,"href":"https:\/\/serigrafiaybordados.es\/tematicas\/wp-json\/wp\/v2\/pages\/923\/revisions"}],"predecessor-version":[{"id":928,"href":"https:\/\/serigrafiaybordados.es\/tematicas\/wp-json\/wp\/v2\/pages\/923\/revisions\/928"}],"wp:attachment":[{"href":"https:\/\/serigrafiaybordados.es\/tematicas\/wp-json\/wp\/v2\/media?parent=923"}],"curies":[{"name":"wp","href":"https:\/\/api.w.org\/{rel}","templated":true}]}}